{"id":7,"date":"2017-03-02T22:11:39","date_gmt":"2017-03-02T21:11:39","guid":{"rendered":"http:\/\/mist-consulting.fr\/?page_id=7"},"modified":"2024-09-06T20:57:10","modified_gmt":"2024-09-06T18:57:10","slug":"accueil","status":"publish","type":"page","link":"https:\/\/mist-consulting.fr\/","title":{"rendered":"Accueil"},"content":{"rendered":"\n<h1 class=\"wp-block-heading has-text-align-center\">Philippe Alet &#8211; Consultant Ind\u00e9pendant<\/h1>\n\n\n\n<figure class=\"wp-block-image aligncenter size-large is-resized\"><img loading=\"lazy\" decoding=\"async\" width=\"1024\" height=\"276\" src=\"https:\/\/mist-consulting.fr\/wp-content\/uploads\/2024\/09\/Bandeaux-site-web-2-1024x276.png\" alt=\"\" class=\"wp-image-193\" style=\"width:1206px;height:auto\" srcset=\"https:\/\/mist-consulting.fr\/wp-content\/uploads\/2024\/09\/Bandeaux-site-web-2-1024x276.png 1024w, https:\/\/mist-consulting.fr\/wp-content\/uploads\/2024\/09\/Bandeaux-site-web-2-300x81.png 300w, https:\/\/mist-consulting.fr\/wp-content\/uploads\/2024\/09\/Bandeaux-site-web-2-768x207.png 768w, https:\/\/mist-consulting.fr\/wp-content\/uploads\/2024\/09\/Bandeaux-site-web-2.png 1300w\" sizes=\"(max-width: 1024px) 100vw, 1024px\" \/><\/figure>\n\n\n\n<p><\/p>\n\n\n\n<h2 class=\"wp-block-heading\">Mon offre de service<\/h2>\n\n\n\n<p>Je m\u2019appuie sur mon exp\u00e9rience en architecture des syst\u00e8mes d\u2019information et en conduite de projet pour vous apporter assistance dans la conduite de vos projets informatiques, depuis l\u2019expression de besoin et le cadrage de vos projets jusqu\u2019aux phases de d\u00e9ploiement. Je peux vous accompagner dans vos projets de transformation m\u00e9tier et SI et vous faire b\u00e9n\u00e9ficier de mon expertise dans les solutions de r\u00e9f\u00e9rencement, MDM, PIMS &amp; PLM, ainsi que dans vos r\u00e9flexions sur la gouvernance de la donn\u00e9e . De l\u2019industrie au retail, ce qui compte c\u2019est la vision m\u00e9tier et je vous aiderais \u00e0 la concr\u00e9tiser dans vos projets informatiques.<\/p>\n\n\n\n<p><\/p>\n\n\n\n<p><\/p>\n\n\n\n<p><\/p>\n","protected":false},"excerpt":{"rendered":"<p>Philippe Alet &#8211; Consultant Ind\u00e9pendant Mon offre de service Je m\u2019appuie sur mon exp\u00e9rience en architecture des syst\u00e8mes d\u2019information et en conduite de projet pour vous apporter assistance dans la conduite de vos projets informatiques, depuis l\u2019expression de besoin et le cadrage de vos projets jusqu\u2019aux phases de d\u00e9ploiement. Je peux vous accompagner dans vos [&hellip;]<\/p>\n","protected":false},"author":1,"featured_media":0,"parent":0,"menu_order":0,"comment_status":"closed","ping_status":"closed","template":"","meta":{"_uag_custom_page_level_css":"","site-sidebar-layout":"default","site-content-layout":"","ast-site-content-layout":"default","site-content-style":"default","site-sidebar-style":"default","ast-global-header-display":"","ast-banner-title-visibility":"","ast-main-header-display":"","ast-hfb-above-header-display":"","ast-hfb-below-header-display":"","ast-hfb-mobile-header-display":"","site-post-title":"disabled","ast-breadcrumbs-content":"","ast-featured-img":"","footer-sml-layout":"","theme-transparent-header-meta":"","adv-header-id-meta":"","stick-header-meta":"","header-above-stick-meta":"","header-main-stick-meta":"","header-below-stick-meta":"","astra-migrate-meta-layouts":"set","ast-page-background-enabled":"default","ast-page-background-meta":{"desktop":{"background-color":"var(--ast-global-color-4)","background-image":"","background-repeat":"repeat","background-position":"center center","background-size":"auto","background-attachment":"scroll","background-type":"","background-media":"","overlay-type":"","overlay-color":"","overlay-gradient":""},"tablet":{"background-color":"","background-image":"","background-repeat":"repeat","background-position":"center center","background-size":"auto","background-attachment":"scroll","background-type":"","background-media":"","overlay-type":"","overlay-color":"","overlay-gradient":""},"mobile":{"background-color":"","background-image":"","background-repeat":"repeat","background-position":"center center","background-size":"auto","background-attachment":"scroll","background-type":"","background-media":"","overlay-type":"","overlay-color":"","overlay-gradient":""}},"ast-content-background-meta":{"desktop":{"background-color":"var(--ast-global-color-5)","background-image":"","background-repeat":"repeat","background-position":"center center","background-size":"auto","background-attachment":"scroll","background-type":"","background-media":"","overlay-type":"","overlay-color":"","overlay-gradient":""},"tablet":{"background-color":"var(--ast-global-color-5)","background-image":"","background-repeat":"repeat","background-position":"center center","background-size":"auto","background-attachment":"scroll","background-type":"","background-media":"","overlay-type":"","overlay-color":"","overlay-gradient":""},"mobile":{"background-color":"var(--ast-global-color-5)","background-image":"","background-repeat":"repeat","background-position":"center center","background-size":"auto","background-attachment":"scroll","background-type":"","background-media":"","overlay-type":"","overlay-color":"","overlay-gradient":""}},"footnotes":""},"class_list":["post-7","page","type-page","status-publish","hentry"],"uagb_featured_image_src":{"full":false,"thumbnail":false,"medium":false,"medium_large":false,"large":false,"1536x1536":false,"2048x2048":false},"uagb_author_info":{"display_name":"admin7176","author_link":"https:\/\/mist-consulting.fr\/index.php\/author\/admin7176\/"},"uagb_comment_info":0,"uagb_excerpt":"Philippe Alet &#8211; Consultant Ind\u00e9pendant Mon offre de service Je m\u2019appuie sur mon exp\u00e9rience en architecture des syst\u00e8mes d\u2019information et en conduite de projet pour vous apporter assistance dans la conduite de vos projets informatiques, depuis l\u2019expression de besoin et le cadrage de vos projets jusqu\u2019aux phases de d\u00e9ploiement. Je peux vous accompagner dans vos\u2026","_links":{"self":[{"href":"https:\/\/mist-consulting.fr\/index.php\/wp-json\/wp\/v2\/pages\/7"}],"collection":[{"href":"https:\/\/mist-consulting.fr\/index.php\/wp-json\/wp\/v2\/pages"}],"about":[{"href":"https:\/\/mist-consulting.fr\/index.php\/wp-json\/wp\/v2\/types\/page"}],"author":[{"embeddable":true,"href":"https:\/\/mist-consulting.fr\/index.php\/wp-json\/wp\/v2\/users\/1"}],"replies":[{"embeddable":true,"href":"https:\/\/mist-consulting.fr\/index.php\/wp-json\/wp\/v2\/comments?post=7"}],"version-history":[{"count":12,"href":"https:\/\/mist-consulting.fr\/index.php\/wp-json\/wp\/v2\/pages\/7\/revisions"}],"predecessor-version":[{"id":204,"href":"https:\/\/mist-consulting.fr\/index.php\/wp-json\/wp\/v2\/pages\/7\/revisions\/204"}],"wp:attachment":[{"href":"https:\/\/mist-consulting.fr\/index.php\/wp-json\/wp\/v2\/media?parent=7"}],"curies":[{"name":"wp","href":"https:\/\/api.w.org\/{rel}","templated":true}]}}