{"id":8,"date":"2017-03-02T22:11:39","date_gmt":"2017-03-02T21:11:39","guid":{"rendered":"http:\/\/mist-consulting.fr\/?page_id=8"},"modified":"2024-09-06T20:50:51","modified_gmt":"2024-09-06T18:50:51","slug":"a-propos-de","status":"publish","type":"page","link":"https:\/\/mist-consulting.fr\/index.php\/a-propos-de\/","title":{"rendered":"\u00c0 propos de moi"},"content":{"rendered":"\n<p class=\"has-text-align-center\">C&rsquo;est \u00e0 partir d&rsquo;un \u00e9change avec un coll\u00e8gue et ami, lorsque nous avions travaill\u00e9 d&rsquo;arrache-pied sur un sujet \u00e9pineux (mes pr\u00e9f\u00e9r\u00e9s), qu&rsquo;il en est venu \u00e0 \u00e9voquer mon apport sur le sujet en me disant : \u00ab\u00a0Avant que tu n&rsquo;arrives, c&rsquo;\u00e9tait le brouillard (Que l&rsquo;on peut traduire par \u00ab\u00a0mist\u00a0\u00bb en anglais), maintenant, on voit de nouveau la lumi\u00e8re\u00a0\u00bb. Aussi sympathique et amicale que soit cette phrase, elle m&rsquo;a donn\u00e9e l&rsquo;envie de renouveler l&rsquo;exp\u00e9rience et apporter mon aide dans d&rsquo;autres situations et sujets, et pas seulement pour mon employeur de l&rsquo;\u00e9poque, mais pour tous ceux qui en auraient le besoin. <\/p>\n\n\n\n<p class=\"has-text-align-center\"><em><strong>Mist-Consulting \u00e9tait n\u00e9e&#8230;<\/strong><\/em><\/p>\n\n\n\n<figure class=\"wp-block-image aligncenter size-large is-resized\"><img loading=\"lazy\" decoding=\"async\" width=\"1024\" height=\"272\" src=\"https:\/\/mist-consulting.fr\/wp-content\/uploads\/2023\/12\/A-propos-1024x272.jpg\" alt=\"\" class=\"wp-image-128\" style=\"width:1192px;height:auto\" srcset=\"https:\/\/mist-consulting.fr\/wp-content\/uploads\/2023\/12\/A-propos-1024x272.jpg 1024w, https:\/\/mist-consulting.fr\/wp-content\/uploads\/2023\/12\/A-propos-300x80.jpg 300w, https:\/\/mist-consulting.fr\/wp-content\/uploads\/2023\/12\/A-propos-768x204.jpg 768w, https:\/\/mist-consulting.fr\/wp-content\/uploads\/2023\/12\/A-propos.jpg 1177w\" sizes=\"(max-width: 1024px) 100vw, 1024px\" \/><\/figure>\n\n\n\n<h2 class=\"wp-block-heading has-text-align-center\">Qui est derri\u00e8re \u00ab\u00a0Mist-Consulting\u00a0\u00bb ?<\/h2>\n\n\n\n<ul class=\"wp-block-list\">\n<li>On ne va pas se la jouer avec le \u00ab\u00a0nous\u00a0\u00bb \u00e0 tout bout de champ&#8230; Mist-Consulting, c&rsquo;est une seule personne. <\/li>\n<\/ul>\n\n\n\n<div class=\"wp-block-media-text alignwide has-media-on-the-right is-stacked-on-mobile\" style=\"margin-top:var(--wp--preset--spacing--40);margin-right:var(--wp--preset--spacing--80);margin-bottom:var(--wp--preset--spacing--40);margin-left:var(--wp--preset--spacing--80);grid-template-columns:auto 28%\"><div class=\"wp-block-media-text__content\">\n<h5 class=\"wp-block-heading\">Une personne mais aussi :<\/h5>\n\n\n\n<ul class=\"wp-block-list\">\n<li>Un homme d&rsquo;une cinquantaine d&rsquo;ann\u00e9e<\/li>\n\n\n\n<li>Un p\u00e8re de famille (3 enfants)<\/li>\n\n\n\n<li>Un ch&rsquo;tit d&rsquo;adoption (presque 25 ans en r\u00e9gion Nord)<\/li>\n\n\n\n<li>Un toulousain de naissance (un sudiste comme ils disent dans le nord)<\/li>\n\n\n\n<li>Un fan de rugby (normal pour un toulousain d&rsquo;origine me direz-vous) et donc \u00e9videmment supporter du Stade Toulousain<\/li>\n\n\n\n<li>Un amateur de tir \u00e0 l&rsquo;arc (Arc \u00e0 poulies pour ceux qui connaissent) sur cible<\/li>\n<\/ul>\n\n\n\n<p><\/p>\n\n\n\n<p>Pour tout le reste, vous aurez le d\u00e9tail sur mon CV<\/p>\n<\/div><figure class=\"wp-block-media-text__media\"><img loading=\"lazy\" decoding=\"async\" width=\"1024\" height=\"1024\" src=\"https:\/\/mist-consulting.fr\/wp-content\/uploads\/2024\/09\/Philippe-Mai2024-1024x1024.jpeg\" alt=\"\" class=\"wp-image-189 size-full\" srcset=\"https:\/\/mist-consulting.fr\/wp-content\/uploads\/2024\/09\/Philippe-Mai2024-1024x1024.jpeg 1024w, https:\/\/mist-consulting.fr\/wp-content\/uploads\/2024\/09\/Philippe-Mai2024-300x300.jpeg 300w, https:\/\/mist-consulting.fr\/wp-content\/uploads\/2024\/09\/Philippe-Mai2024-150x150.jpeg 150w, https:\/\/mist-consulting.fr\/wp-content\/uploads\/2024\/09\/Philippe-Mai2024-768x768.jpeg 768w, https:\/\/mist-consulting.fr\/wp-content\/uploads\/2024\/09\/Philippe-Mai2024.jpeg 1530w\" sizes=\"(max-width: 1024px) 100vw, 1024px\" \/><\/figure><\/div>\n\n\n\n<div class=\"wp-block-buttons is-content-justification-center is-layout-flex wp-container-core-buttons-is-layout-1 wp-block-buttons-is-layout-flex\">\n<div class=\"wp-block-button is-style-fill\"><a class=\"wp-block-button__link has-luminous-vivid-amber-background-color has-background has-text-align-center wp-element-button\" href=\"https:\/\/mist-consulting.fr\/wp-content\/uploads\/2024\/09\/CV-0924.pdf\" target=\"_blank\" rel=\"noreferrer noopener\">T\u00e9l\u00e9charger mon CV<\/a><\/div>\n<\/div>\n\n\n\n<p><\/p>\n\n\n\n<h2 class=\"wp-block-heading has-text-align-center\">Ils m&rsquo;ont fait confiance<\/h2>\n\n\n\n<div class=\"wp-block-columns is-layout-flex wp-container-core-columns-is-layout-1 wp-block-columns-is-layout-flex\">\n<div class=\"wp-block-column is-layout-flow wp-block-column-is-layout-flow\">\n<figure class=\"wp-block-image size-full\"><img loading=\"lazy\" decoding=\"async\" width=\"591\" height=\"591\" src=\"https:\/\/mist-consulting.fr\/wp-content\/uploads\/2024\/09\/8.png\" alt=\"\" class=\"wp-image-196\" srcset=\"https:\/\/mist-consulting.fr\/wp-content\/uploads\/2024\/09\/8.png 591w, https:\/\/mist-consulting.fr\/wp-content\/uploads\/2024\/09\/8-300x300.png 300w, https:\/\/mist-consulting.fr\/wp-content\/uploads\/2024\/09\/8-150x150.png 150w\" sizes=\"(max-width: 591px) 100vw, 591px\" \/><\/figure>\n\n\n\n<p class=\"has-text-align-center\">ADEO Services<\/p>\n<\/div>\n\n\n\n<div class=\"wp-block-column is-layout-flow wp-block-column-is-layout-flow\">\n<p class=\"has-text-align-center\">Leroy Merlin (France, Espagne, Russie)<\/p>\n\n\n\n<figure class=\"wp-block-image size-full\"><img loading=\"lazy\" decoding=\"async\" width=\"591\" height=\"591\" src=\"https:\/\/mist-consulting.fr\/wp-content\/uploads\/2024\/09\/3.png\" alt=\"\" class=\"wp-image-199\" srcset=\"https:\/\/mist-consulting.fr\/wp-content\/uploads\/2024\/09\/3.png 591w, https:\/\/mist-consulting.fr\/wp-content\/uploads\/2024\/09\/3-300x300.png 300w, https:\/\/mist-consulting.fr\/wp-content\/uploads\/2024\/09\/3-150x150.png 150w\" sizes=\"(max-width: 591px) 100vw, 591px\" \/><\/figure>\n<\/div>\n\n\n\n<div class=\"wp-block-column is-layout-flow wp-block-column-is-layout-flow\">\n<figure class=\"wp-block-image size-full\"><img loading=\"lazy\" decoding=\"async\" width=\"591\" height=\"591\" src=\"https:\/\/mist-consulting.fr\/wp-content\/uploads\/2024\/09\/4.png\" alt=\"\" class=\"wp-image-198\" srcset=\"https:\/\/mist-consulting.fr\/wp-content\/uploads\/2024\/09\/4.png 591w, https:\/\/mist-consulting.fr\/wp-content\/uploads\/2024\/09\/4-300x300.png 300w, https:\/\/mist-consulting.fr\/wp-content\/uploads\/2024\/09\/4-150x150.png 150w\" sizes=\"(max-width: 591px) 100vw, 591px\" \/><\/figure>\n\n\n\n<p class=\"has-text-align-center\">Auchan Retail International<\/p>\n<\/div>\n\n\n\n<div class=\"wp-block-column is-layout-flow wp-block-column-is-layout-flow\">\n<p class=\"has-text-align-center\">IdKids (Oka\u00efdi, Jacadi, Oxybul)<\/p>\n\n\n\n<figure class=\"wp-block-image size-full\"><img loading=\"lazy\" decoding=\"async\" width=\"591\" height=\"591\" src=\"https:\/\/mist-consulting.fr\/wp-content\/uploads\/2024\/09\/1.png\" alt=\"\" class=\"wp-image-200\" srcset=\"https:\/\/mist-consulting.fr\/wp-content\/uploads\/2024\/09\/1.png 591w, https:\/\/mist-consulting.fr\/wp-content\/uploads\/2024\/09\/1-300x300.png 300w, https:\/\/mist-consulting.fr\/wp-content\/uploads\/2024\/09\/1-150x150.png 150w\" sizes=\"(max-width: 591px) 100vw, 591px\" \/><\/figure>\n<\/div>\n\n\n\n<div class=\"wp-block-column is-layout-flow wp-block-column-is-layout-flow\">\n<figure class=\"wp-block-image size-full\"><img loading=\"lazy\" decoding=\"async\" width=\"591\" height=\"591\" src=\"https:\/\/mist-consulting.fr\/wp-content\/uploads\/2024\/09\/5.png\" alt=\"\" class=\"wp-image-197\" srcset=\"https:\/\/mist-consulting.fr\/wp-content\/uploads\/2024\/09\/5.png 591w, https:\/\/mist-consulting.fr\/wp-content\/uploads\/2024\/09\/5-300x300.png 300w, https:\/\/mist-consulting.fr\/wp-content\/uploads\/2024\/09\/5-150x150.png 150w\" sizes=\"(max-width: 591px) 100vw, 591px\" \/><\/figure>\n\n\n\n<p class=\"has-text-align-center\">SIPLEC (E.Leclerc)<\/p>\n<\/div>\n\n\n\n<div class=\"wp-block-column is-layout-flow wp-block-column-is-layout-flow\">\n<p class=\"has-text-align-center\">Kingfisher (Castorama, Bricod\u00e9p\u00f4t)<\/p>\n\n\n\n<figure class=\"wp-block-image size-full\"><img loading=\"lazy\" decoding=\"async\" width=\"591\" height=\"591\" src=\"https:\/\/mist-consulting.fr\/wp-content\/uploads\/2024\/09\/Kingfisher-logo.png\" alt=\"\" class=\"wp-image-194\" srcset=\"https:\/\/mist-consulting.fr\/wp-content\/uploads\/2024\/09\/Kingfisher-logo.png 591w, https:\/\/mist-consulting.fr\/wp-content\/uploads\/2024\/09\/Kingfisher-logo-300x300.png 300w, https:\/\/mist-consulting.fr\/wp-content\/uploads\/2024\/09\/Kingfisher-logo-150x150.png 150w\" sizes=\"(max-width: 591px) 100vw, 591px\" \/><\/figure>\n<\/div>\n<\/div>\n\n\n\n<p><\/p>\n","protected":false},"excerpt":{"rendered":"<p>C&rsquo;est \u00e0 partir d&rsquo;un \u00e9change avec un coll\u00e8gue et ami, lorsque nous avions travaill\u00e9 d&rsquo;arrache-pied sur un sujet \u00e9pineux (mes pr\u00e9f\u00e9r\u00e9s), qu&rsquo;il en est venu \u00e0 \u00e9voquer mon apport sur le sujet en me disant : \u00ab\u00a0Avant que tu n&rsquo;arrives, c&rsquo;\u00e9tait le brouillard (Que l&rsquo;on peut traduire par \u00ab\u00a0mist\u00a0\u00bb en anglais), maintenant, on voit de [&hellip;]<\/p>\n","protected":false},"author":1,"featured_media":0,"parent":0,"menu_order":0,"comment_status":"closed","ping_status":"closed","template":"","meta":{"_uag_custom_page_level_css":"","site-sidebar-layout":"default","site-content-layout":"","ast-site-content-layout":"default","site-content-style":"default","site-sidebar-style":"default","ast-global-header-display":"","ast-banner-title-visibility":"","ast-main-header-display":"","ast-hfb-above-header-display":"","ast-hfb-below-header-display":"","ast-hfb-mobile-header-display":"","site-post-title":"","ast-breadcrumbs-content":"","ast-featured-img":"","footer-sml-layout":"","theme-transparent-header-meta":"","adv-header-id-meta":"","stick-header-meta":"","header-above-stick-meta":"","header-main-stick-meta":"","header-below-stick-meta":"","astra-migrate-meta-layouts":"set","ast-page-background-enabled":"default","ast-page-background-meta":{"desktop":{"background-color":"var(--ast-global-color-4)","background-image":"","background-repeat":"repeat","background-position":"center center","background-size":"auto","background-attachment":"scroll","background-type":"","background-media":"","overlay-type":"","overlay-color":"","overlay-gradient":""},"tablet":{"background-color":"","background-image":"","background-repeat":"repeat","background-position":"center center","background-size":"auto","background-attachment":"scroll","background-type":"","background-media":"","overlay-type":"","overlay-color":"","overlay-gradient":""},"mobile":{"background-color":"","background-image":"","background-repeat":"repeat","background-position":"center center","background-size":"auto","background-attachment":"scroll","background-type":"","background-media":"","overlay-type":"","overlay-color":"","overlay-gradient":""}},"ast-content-background-meta":{"desktop":{"background-color":"var(--ast-global-color-5)","background-image":"","background-repeat":"repeat","background-position":"center center","background-size":"auto","background-attachment":"scroll","background-type":"","background-media":"","overlay-type":"","overlay-color":"","overlay-gradient":""},"tablet":{"background-color":"var(--ast-global-color-5)","background-image":"","background-repeat":"repeat","background-position":"center center","background-size":"auto","background-attachment":"scroll","background-type":"","background-media":"","overlay-type":"","overlay-color":"","overlay-gradient":""},"mobile":{"background-color":"var(--ast-global-color-5)","background-image":"","background-repeat":"repeat","background-position":"center center","background-size":"auto","background-attachment":"scroll","background-type":"","background-media":"","overlay-type":"","overlay-color":"","overlay-gradient":""}},"footnotes":""},"class_list":["post-8","page","type-page","status-publish","hentry"],"uagb_featured_image_src":{"full":false,"thumbnail":false,"medium":false,"medium_large":false,"large":false,"1536x1536":false,"2048x2048":false},"uagb_author_info":{"display_name":"admin7176","author_link":"https:\/\/mist-consulting.fr\/index.php\/author\/admin7176\/"},"uagb_comment_info":0,"uagb_excerpt":"C&rsquo;est \u00e0 partir d&rsquo;un \u00e9change avec un coll\u00e8gue et ami, lorsque nous avions travaill\u00e9 d&rsquo;arrache-pied sur un sujet \u00e9pineux (mes pr\u00e9f\u00e9r\u00e9s), qu&rsquo;il en est venu \u00e0 \u00e9voquer mon apport sur le sujet en me disant : \u00ab\u00a0Avant que tu n&rsquo;arrives, c&rsquo;\u00e9tait le brouillard (Que l&rsquo;on peut traduire par \u00ab\u00a0mist\u00a0\u00bb en anglais), maintenant, on voit de\u2026","_links":{"self":[{"href":"https:\/\/mist-consulting.fr\/index.php\/wp-json\/wp\/v2\/pages\/8"}],"collection":[{"href":"https:\/\/mist-consulting.fr\/index.php\/wp-json\/wp\/v2\/pages"}],"about":[{"href":"https:\/\/mist-consulting.fr\/index.php\/wp-json\/wp\/v2\/types\/page"}],"author":[{"embeddable":true,"href":"https:\/\/mist-consulting.fr\/index.php\/wp-json\/wp\/v2\/users\/1"}],"replies":[{"embeddable":true,"href":"https:\/\/mist-consulting.fr\/index.php\/wp-json\/wp\/v2\/comments?post=8"}],"version-history":[{"count":30,"href":"https:\/\/mist-consulting.fr\/index.php\/wp-json\/wp\/v2\/pages\/8\/revisions"}],"predecessor-version":[{"id":201,"href":"https:\/\/mist-consulting.fr\/index.php\/wp-json\/wp\/v2\/pages\/8\/revisions\/201"}],"wp:attachment":[{"href":"https:\/\/mist-consulting.fr\/index.php\/wp-json\/wp\/v2\/media?parent=8"}],"curies":[{"name":"wp","href":"https:\/\/api.w.org\/{rel}","templated":true}]}}